{"id":652,"date":"2025-09-16T12:50:20","date_gmt":"2025-09-16T10:50:20","guid":{"rendered":"https:\/\/www.bspt.cat\/sobre-la-biblioteca\/"},"modified":"2026-04-23T15:47:49","modified_gmt":"2026-04-23T13:47:49","slug":"sobre-la-biblioteca","status":"publish","type":"page","link":"https:\/\/www.bspt.cat\/es\/sobre-la-biblioteca\/","title":{"rendered":"Sobre la Biblioteca"},"content":{"rendered":"<p>[et_pb_section fb_built=\u00bb1&#8243; _builder_version=\u00bb4.27.4&#8243; _module_preset=\u00bbdefault\u00bb background_image=\u00bbhttps:\/\/www.bspt.cat\/wp-content\/uploads\/sites\/126\/2025\/09\/Biblioteca_detall.jpg\u00bb custom_margin=\u00bb||0px||false|false\u00bb custom_padding=\u00bb||0px||false|false\u00bb global_colors_info=\u00bb{}\u00bb][et_pb_row _builder_version=\u00bb4.27.4&#8243; _module_preset=\u00bbdefault\u00bb global_colors_info=\u00bb{}\u00bb][et_pb_column type=\u00bb4_4&#8243; _builder_version=\u00bb4.27.4&#8243; _module_preset=\u00bbdefault\u00bb global_colors_info=\u00bb{}\u00bb][et_pb_cta title=\u00bbSobre la Biblioteca\u00bb button_url=\u00bbhttps:\/\/cataleg.bspt.cat\/cgi-bin\/koha\/opac-main.pl\u00bb url_new_window=\u00bbon\u00bb button_text=\u00bbCat\u00e1logo de la Biblioteca\u00bb _builder_version=\u00bb4.27.6&#8243; _module_preset=\u00bbdefault\u00bb header_font=\u00bb|700||on|||||\u00bb header_font_size=\u00bb55px\u00bb body_font=\u00bb||||||||\u00bb background_color=\u00bbRGBA(255,255,255,0)\u00bb custom_button=\u00bbon\u00bb button_text_size=\u00bb19px\u00bb button_bg_color=\u00bbrgba(224,153,0,0.48)\u00bb button_border_width=\u00bb4px\u00bb button_border_color=\u00bb#FFFFFF\u00bb button_border_radius=\u00bb11px\u00bb button_font=\u00bb|800||on|||||\u00bb button_use_icon=\u00bboff\u00bb button_alignment=\u00bbcenter\u00bb button_custom_margin=\u00bb29px||||false|false\u00bb button_custom_padding=\u00bb||||false|false\u00bb custom_margin=\u00bb||||false|false\u00bb custom_padding=\u00bb||201px||false|false\u00bb animation_style=\u00bbzoom\u00bb animation_duration=\u00bb650ms\u00bb link_option_url_new_window=\u00bbon\u00bb global_colors_info=\u00bb{}\u00bb][\/et_pb_cta][\/et_pb_column][\/et_pb_row][\/et_pb_section][et_pb_section fb_built=\u00bb1&#8243; _builder_version=\u00bb4.27.4&#8243; _module_preset=\u00bbdefault\u00bb top_divider_color=\u00bbrgba(44,150,58,0.39)\u00bb global_colors_info=\u00bb{}\u00bb][et_pb_row column_structure=\u00bb3_4,1_4&#8243; _builder_version=\u00bb4.27.4&#8243; _module_preset=\u00bbdefault\u00bb custom_margin=\u00bb||||false|false\u00bb global_colors_info=\u00bb{}\u00bb][et_pb_column type=\u00bb3_4&#8243; _builder_version=\u00bb4.27.4&#8243; _module_preset=\u00bbdefault\u00bb global_colors_info=\u00bb{}\u00bb][et_pb_text _builder_version=\u00bb4.27.6&#8243; _module_preset=\u00bbdefault\u00bb global_colors_info=\u00bb{}\u00bb]<\/p>\n<p data-start=\"0\" data-end=\"436\">La Biblioteca del Seminario de Tarragona (BST) es una instituci\u00f3n cultural del Arzobispado de Tarragona. Tiene sus or\u00edgenes en la creaci\u00f3n de los seminarios sacerdotales a finales del siglo XVI y, desde el a\u00f1o 1886, est\u00e1 ubicada en la primera planta del edificio del Seminario. Su finalidad es facilitar el acceso y la consulta de sus fondos a los usuarios, as\u00ed como conservar la biblioteca antigua y patrimonial en condiciones \u00f3ptimas.<\/p>\n<p data-start=\"438\" data-end=\"822\">La BST ofrece informaci\u00f3n bibliogr\u00e1fica con el prop\u00f3sito de orientar a los usuarios en su b\u00fasqueda, de acuerdo con sus necesidades de informaci\u00f3n. La Biblioteca aspira a convertirse en un equipamiento de referencia en el \u00e1mbito bibliotecario y patrimonial, un espacio abierto y din\u00e1mico, comprometido con la conservaci\u00f3n del legado cultural de la Iglesia y con la promoci\u00f3n del saber.<\/p>\n<p data-start=\"824\" data-end=\"1240\" data-is-last-node=\"\" data-is-only-node=\"\">Adem\u00e1s de libros de cultura general y de humanidades (filosof\u00eda, literatura cl\u00e1sica), contiene colecciones especializadas en temas religiosos (teolog\u00eda, estudios b\u00edblicos, patr\u00edstica, catequesis) y, en atenci\u00f3n a las caracter\u00edsticas hist\u00f3ricas de la ciudad de Tarraco y a los or\u00edgenes del cristianismo en la Hispania romana, destacan colecciones dedicadas al cristianismo antiguo de la \u00e9poca tardorromana y visigoda.<\/p>\n<p>[\/et_pb_text][\/et_pb_column][et_pb_column type=\u00bb1_4&#8243; _builder_version=\u00bb4.27.4&#8243; _module_preset=\u00bbdefault\u00bb global_colors_info=\u00bb{}\u00bb][et_pb_button button_url=\u00bbhttps:\/\/cataleg.bspt.cat\/cgi-bin\/koha\/opac-main.pl\u00bb url_new_window=\u00bbon\u00bb button_text=\u00bbCat\u00e1logo de la Biblioteca\u00bb _builder_version=\u00bb4.27.6&#8243; _module_preset=\u00bbdefault\u00bb custom_button=\u00bbon\u00bb button_text_size=\u00bb16px\u00bb button_font=\u00bb|600|||||||\u00bb button_icon=\u00bb&#x39;||divi||400&#8243; hover_enabled=\u00bb0&#8243; global_colors_info=\u00bb{}\u00bb sticky_enabled=\u00bb0&#8243;][\/et_pb_button][\/et_pb_column][\/et_pb_row][et_pb_row column_structure=\u00bb2_3,1_3&#8243; _builder_version=\u00bb4.27.4&#8243; _module_preset=\u00bbdefault\u00bb global_colors_info=\u00bb{}\u00bb][et_pb_column type=\u00bb2_3&#8243; _builder_version=\u00bb4.27.4&#8243; _module_preset=\u00bbdefault\u00bb global_colors_info=\u00bb{}\u00bb][et_pb_image src=\u00bbhttps:\/\/www.bspt.cat\/wp-content\/uploads\/sites\/126\/2025\/09\/biblio_antiga_foto_Roisin-1.jpg\u00bb title_text=\u00bbbiblio_antiga_foto_Roisin\u00bb _builder_version=\u00bb4.27.4&#8243; _module_preset=\u00bbdefault\u00bb global_colors_info=\u00bb{}\u00bb][\/et_pb_image][\/et_pb_column][et_pb_column type=\u00bb1_3&#8243; _builder_version=\u00bb4.27.4&#8243; _module_preset=\u00bbdefault\u00bb global_colors_info=\u00bb{}\u00bb][\/et_pb_column][\/et_pb_row][\/et_pb_section]<\/p>\n","protected":false},"excerpt":{"rendered":"<p>La Biblioteca del Seminario de Tarragona (BST) es una instituci\u00f3n cultural del Arzobispado de Tarragona. Tiene sus or\u00edgenes en la creaci\u00f3n de los seminarios sacerdotales a finales del siglo XVI y, desde el a\u00f1o 1886, est\u00e1 ubicada en la primera planta del edificio del Seminario. Su finalidad es facilitar el acceso y la consulta de [&hellip;]<\/p>\n","protected":false},"author":59,"featured_media":0,"parent":0,"menu_order":0,"comment_status":"closed","ping_status":"closed","template":"","meta":{"_et_pb_use_builder":"on","_et_pb_old_content":"","_et_gb_content_width":"","cybocfi_hide_featured_image":"","footnotes":""},"class_list":["post-652","page","type-page","status-publish","hentry"],"amp_enabled":true,"_links":{"self":[{"href":"https:\/\/www.bspt.cat\/es\/wp-json\/wp\/v2\/pages\/652","targetHints":{"allow":["GET"]}}],"collection":[{"href":"https:\/\/www.bspt.cat\/es\/wp-json\/wp\/v2\/pages"}],"about":[{"href":"https:\/\/www.bspt.cat\/es\/wp-json\/wp\/v2\/types\/page"}],"author":[{"embeddable":true,"href":"https:\/\/www.bspt.cat\/es\/wp-json\/wp\/v2\/users\/59"}],"replies":[{"embeddable":true,"href":"https:\/\/www.bspt.cat\/es\/wp-json\/wp\/v2\/comments?post=652"}],"version-history":[{"count":4,"href":"https:\/\/www.bspt.cat\/es\/wp-json\/wp\/v2\/pages\/652\/revisions"}],"predecessor-version":[{"id":769,"href":"https:\/\/www.bspt.cat\/es\/wp-json\/wp\/v2\/pages\/652\/revisions\/769"}],"wp:attachment":[{"href":"https:\/\/www.bspt.cat\/es\/wp-json\/wp\/v2\/media?parent=652"}],"curies":[{"name":"wp","href":"https:\/\/api.w.org\/{rel}","templated":true}]}}