{"id":640,"date":"2025-09-18T14:38:54","date_gmt":"2025-09-18T12:38:54","guid":{"rendered":"https:\/\/www.bspt.cat\/historia\/"},"modified":"2026-04-23T15:57:37","modified_gmt":"2026-04-23T13:57:37","slug":"historia","status":"publish","type":"page","link":"https:\/\/www.bspt.cat\/es\/sobre-la-biblioteca\/historia\/","title":{"rendered":"Historia"},"content":{"rendered":"<p>[et_pb_section fb_built=\u00bb1&#8243; _builder_version=\u00bb4.27.4&#8243; _module_preset=\u00bbdefault\u00bb background_image=\u00bbhttps:\/\/www.bspt.cat\/wp-content\/uploads\/sites\/126\/2025\/09\/biblio_antiga_foto_Roisin-1.jpg\u00bb global_colors_info=\u00bb{}\u00bb][et_pb_row _builder_version=\u00bb4.27.4&#8243; _module_preset=\u00bbdefault\u00bb global_colors_info=\u00bb{}\u00bb][et_pb_column type=\u00bb4_4&#8243; _builder_version=\u00bb4.27.4&#8243; _module_preset=\u00bbdefault\u00bb global_colors_info=\u00bb{}\u00bb][et_pb_cta title=\u00bbHistoria\u00bb _builder_version=\u00bb4.27.6&#8243; _module_preset=\u00bbdefault\u00bb header_font=\u00bb|800||on|||||\u00bb header_font_size=\u00bb54px\u00bb background_enable_color=\u00bboff\u00bb custom_margin=\u00bb72px||||false|false\u00bb custom_padding=\u00bb||92px||false|false\u00bb hover_enabled=\u00bb0&#8243; header_text_shadow_style=\u00bbpreset1&#8243; global_colors_info=\u00bb{}\u00bb sticky_enabled=\u00bb0&#8243;][\/et_pb_cta][\/et_pb_column][\/et_pb_row][\/et_pb_section][et_pb_section fb_built=\u00bb1&#8243; _builder_version=\u00bb4.27.4&#8243; _module_preset=\u00bbdefault\u00bb global_colors_info=\u00bb{}\u00bb][et_pb_row column_structure=\u00bb3_5,2_5&#8243; _builder_version=\u00bb4.27.4&#8243; _module_preset=\u00bbdefault\u00bb global_colors_info=\u00bb{}\u00bb][et_pb_column type=\u00bb3_5&#8243; _builder_version=\u00bb4.27.4&#8243; _module_preset=\u00bbdefault\u00bb global_colors_info=\u00bb{}\u00bb][et_pb_text _builder_version=\u00bb4.27.6&#8243; _module_preset=\u00bbdefault\u00bb global_colors_info=\u00bb{}\u00bb]<\/p>\n<div class=\"\" data-turn-id-container=\"478338f2-facd-4418-8aec-01845c45e6db\" data-is-intersecting=\"true\">\u00a0<\/div>\n<div class=\"\" data-turn-id-container=\"request-WEB:dfc9bbb0-95ec-4c94-8a8e-723ffebb9196-7\" data-is-intersecting=\"true\">\n<section class=\"text-token-text-primary w-full focus:outline-none [--shadow-height:45px] has-data-writing-block:pointer-events-none has-data-writing-block:-mt-(--shadow-height) has-data-writing-block:pt-(--shadow-height) [&amp;:has([data-writing-block])&gt;*]:pointer-events-auto R6Vx5W_threadScrollVars scroll-mb-[calc(var(--scroll-root-safe-area-inset-bottom,0px)+var(--thread-response-height))] scroll-mt-[calc(var(--header-height)+min(200px,max(70px,20svh)))]\" dir=\"auto\" data-turn-id=\"request-WEB:dfc9bbb0-95ec-4c94-8a8e-723ffebb9196-7\" data-testid=\"conversation-turn-16\" data-scroll-anchor=\"false\" data-turn=\"assistant\">\n<div class=\"text-base my-auto mx-auto pb-10 [--thread-content-margin:var(--thread-content-margin-xs,calc(var(--spacing)*4))] @w-sm\/main:[--thread-content-margin:var(--thread-content-margin-sm,calc(var(--spacing)*6))] @w-lg\/main:[--thread-content-margin:var(--thread-content-margin-lg,calc(var(--spacing)*16))] px-(--thread-content-margin)\">\n<div class=\"[--thread-content-max-width:40rem] @w-lg\/main:[--thread-content-max-width:48rem] mx-auto max-w-(--thread-content-max-width) flex-1 group\/turn-messages focus-visible:outline-hidden relative flex w-full min-w-0 flex-col agent-turn\">\n<div class=\"flex max-w-full flex-col gap-4 grow\">\n<div class=\"min-h-8 text-message relative flex w-full flex-col items-end gap-2 text-start break-words whitespace-normal outline-none keyboard-focused:focus-ring [.text-message+&amp;]:mt-1\" dir=\"auto\" tabindex=\"0\" data-message-author-role=\"assistant\" data-message-id=\"b6685000-e6f8-4e56-b926-278ef099ea4e\" data-message-model-slug=\"gpt-5-3-mini\" data-turn-start-message=\"true\">\n<div class=\"flex w-full flex-col gap-1 empty:hidden\">\n<div class=\"markdown prose dark:prose-invert w-full wrap-break-word light markdown-new-styling\">\n<p data-start=\"0\" data-end=\"987\">La Universidad de Tarragona, fundada y dotada por el cardenal Gaspar Cervantes de Gaeta en 1572, obtuvo del papa Gregorio XIII el privilegio de conferir grados en 1574. Ese mismo a\u00f1o, y a\u00fan el siguiente, fue nuevamente dotada mediante un legado testamentario de su fundador, el arzobispo Antoni Agust\u00ed, que le hab\u00eda sucedido. Inauguraba los cursos acad\u00e9micos en el a\u00f1o 1577. El a\u00f1o de la fundaci\u00f3n de la Universidad, el cardenal Cervantes tambi\u00e9n fund\u00f3 el Seminario Tridentino, aplic\u00e1ndole las rentas del extinto cap\u00edtulo de los can\u00f3nigos de San Agust\u00edn de Escornalbou, y su vicario general, Pau Ballesteros, instal\u00f3 la nueva fundaci\u00f3n en una casa del Cap\u00edtulo de la Catedral, cercana a la iglesia de Santa Tecla la Vella, en la que antes hab\u00eda estado la Escuela Capitular. Cinco a\u00f1os despu\u00e9s, el Seminario ya contaba con edificio propio junto a la Universidad, entre la actual iglesia de San Francisco y el Hospital; edificio que fue ampliado entre 1593 y 1595 seg\u00fan traza de Pere Blai.<\/p>\n<p data-start=\"989\" data-end=\"2777\">Ese a\u00f1o 1595 se ejecuta el testamento del can\u00f3nigo Feliu Serra, que lega su biblioteca al Seminario Tridentino de Tarragona. Se trata de un lote considerable de ciento noventa y siete libros, que alternan la cultura religiosa con las humanidades cl\u00e1sicas, la mayor\u00eda de la segunda mitad del siglo XVI, editados en Par\u00eds, Amberes, Colonia, Venecia, Roma, Valencia, Salamanca, Barcelona y Lyon. Disuelta, por la expulsi\u00f3n decretada en 1767 por Carlos III, la Casa de Probaci\u00f3n de los jesuitas o Noviciado General, constituido en Tarragona en 1575 en tiempos de Antoni Agust\u00ed, su colecci\u00f3n bibliogr\u00e1fica fue a\u00f1adida a la biblioteca del Seminario Tridentino. Tambi\u00e9n se a\u00f1adieron, a la muerte del arzobispo Francesc Armany\u00e0, ocurrida en 1803, los libros de la biblioteca episcopal. Este arzobispo hab\u00eda reunido en Tarragona una selecta biblioteca, en la que F\u00e8lix Amat confesaba haber encontrado la bibliograf\u00eda necesaria para escribir su Tratado de la Iglesia de Jesucristo o Historia Eclesi\u00e1stica. Por la correspondencia del arzobispo con el propio F\u00e8lix Amat, sabemos de su inter\u00e9s en procurarse libros de primera mano, en ediciones inglesas, francesas y holandesas, que prefer\u00eda a las venecianas por su correcci\u00f3n y exactitud. El Dr. Amadeu Soberanes ha identificado cuatrocientos cincuenta y un vol\u00famenes con el exlibris de Armany\u00e0 y su escudo en el fondo de la actual biblioteca del Seminario de Tarragona; la mayor\u00eda encuadernados en pergamino o vitela, y el resto en cubiertas de piel, verdaderas rarezas bibliogr\u00e1ficas hoy y obras principales en su tiempo por el valor de su contenido y la calidad de la tipograf\u00eda. Las biograf\u00edas del arzobispo Costa y Borr\u00e0s (1857-1864) le atribuyen tambi\u00e9n un inter\u00e9s extraordinario en la ampliaci\u00f3n y actualizaci\u00f3n de la biblioteca del Seminario.<\/p>\n<p data-start=\"2779\" data-end=\"3473\">El patrimonio bibliogr\u00e1fico anterior al siglo XX comprende trece manuscritos, once vol\u00famenes de una Biblia Glosada de finales del siglo XIII, que se ha cre\u00eddo poder identificar con la Biblia legada por el arzobispo de Tarragona Joan d\u2019Arag\u00f3 al monasterio de Scala Dei, y dos vol\u00famenes m\u00e1s de una Biblia Sacra de principios del XIV, tambi\u00e9n procedente de Scala Dei, ambas en pergamino, con iniciales miniadas, obra de diversos miniaturistas an\u00f3nimos de talleres franceses en el caso de la Biblia Glosada, y de un artesano catal\u00e1n sensible al estilo lineal franco-g\u00f3tico en la Biblia Sacra, sustituido en el segundo volumen por otro influido por la miniatura italiana, m\u00e1s concretamente bolo\u00f1esa.<\/p>\n<p data-start=\"3475\" data-end=\"4551\">El n\u00famero de incunables es de diez; trescientos noventa y nueve el de los vol\u00famenes del siglo XVI; ochocientos sesenta y siete los del siglo XVII; dos mil quinientos ochenta y dos los del siglo XVIII. Los del siglo XIX son seis mil seiscientos diecinueve. Este fondo de unos diez mil libros largos ser\u00eda, m\u00e1s o menos, el patrimonio bibliogr\u00e1fico de la biblioteca nueva, situada en un espacio de 135 m\u00b2, en el primer piso del claustro, a la derecha del edificio nuevo del Seminario, construido por el obispo Vilamitjana en 1875. Actualmente la biblioteca consta de unos sesenta mil vol\u00famenes; resultado de la progresiva incorporaci\u00f3n de legados como el del can\u00f3nigo Ramon Bergad\u00e0 (1949), antiguo rector de la Catedral y curioso bibli\u00f3filo, y el de su hermano Mn. Francesc; tambi\u00e9n una buena parte de la biblioteca del cardenal de Arriba y Castro, y la del can\u00f3nigo Viladrich, que incluye algunos vol\u00famenes de la biblioteca del cardenal Vidal i Barraquer. A estos legados se sumaron en el a\u00f1o 2000 unos trescientos vol\u00famenes procedentes de la biblioteca de Mn. Ramon Muntanyola.<\/p>\n<p data-start=\"4553\" data-end=\"6753\">A finales de la d\u00e9cada de 1980 se agregaron a\u00fan unos catorce mil vol\u00famenes procedentes de la Biblioteca Antoni Agust\u00ed, entidad fundada como biblioteca circulante en octubre de 1927 por el can\u00f3nigo Toldr\u00e0, gracias al alto patrocinio del cardenal Vidal i Barraquer, la buena acogida del Prefecto de Estudios y del Director del Seminario y de la Universidad Pontificia de Tarragona, y la colaboraci\u00f3n de varios presb\u00edteros. Su finalidad era el fomento de las ciencias sagradas, de la sana ilustraci\u00f3n y de las buenas lecturas a trav\u00e9s del pr\u00e9stamo de libros y revistas a domicilio y por correo. En 1931 ofrec\u00eda un cat\u00e1logo de noventa y dos revistas y tambi\u00e9n un amplio repertorio de piezas musicales. Con el nombre de Consultorio bibliogr\u00e1fico por correspondencia, continu\u00f3 su labor durante la Guerra Civil espa\u00f1ola con ayuda clandestina a los sacerdotes perseguidos en la zona de Levante. La Biblioteca Antoni Agust\u00ed comenz\u00f3 a publicar en 1928 el \u00cdndice Cr\u00edtico-Litterarius, una revista bibliogr\u00e1fica trimestral que recog\u00eda, en forma de fichas clasificadas alfab\u00e9ticamente, los t\u00edtulos de todos los art\u00edculos interesantes publicados en unas cuatrocientas revistas nacionales y extranjeras de car\u00e1cter cient\u00edfico-religioso, as\u00ed como la referencia de todos los libros rese\u00f1ados en unas ochenta revistas. El \u00edndice estaba dirigido por el Dr. Ramon Sabat\u00e9, can\u00f3nigo y profesor de la Universidad Pontificia de Tarragona, y contaba con la colaboraci\u00f3n del prestigioso claretiano P. Josep Puigdessens, profesor tambi\u00e9n de la Universidad, el can\u00f3nigo arcediano Dr. Ildefons Serrano, y la colaboraci\u00f3n an\u00f3nima de varios presb\u00edteros. En 1929 la n\u00f3mina de colaboradores se hab\u00eda ampliado con corresponsales en Barcelona, Tortosa, Valencia, Madrid, \u00c1vila, Valladolid, Tur\u00edn (Italia) y Weissenhorn (Alemania). La revista, con su aire modesto \u2014caracter\u00edstica bastante com\u00fan de las iniciativas eclesi\u00e1sticas tarraconenses\u2014, fue la primera de su g\u00e9nero en el \u00e1mbito de lengua espa\u00f1ola, y fue saludada como un valioso instrumento de investigaci\u00f3n y consulta por revistas como Apollinaris de Roma, Paraula Cristiana de Barcelona, Divus Thomas de Piacenza (Italia) y la Revista Espa\u00f1ola de Estudios B\u00edblicos, entre otras.<\/p>\n<p data-start=\"6755\" data-end=\"6974\">La biblioteca del Seminario Pontificio de Tarragona, dada la importancia de los textos antiguos que contiene, participa en el Cat\u00e1logo Colectivo del Patrimonio Bibliogr\u00e1fico existente en Catalu\u00f1a y en el Estado espa\u00f1ol.<\/p>\n<p data-start=\"6976\" data-end=\"7233\" data-is-last-node=\"\" data-is-only-node=\"\"><strong>Fuente:<\/strong> Mart\u00ed i Aixal\u00e0, J. (2002). <em data-start=\"7011\" data-end=\"7064\">La Biblioteca del Seminario Pontificio de Tarragona<\/em>. En <em data-start=\"7069\" data-end=\"7139\">Germinabit. La expresi\u00f3n religiosa en lengua catalana en el siglo XX<\/em>. Arquidi\u00f3cesis de Tarragona (cat\u00e1logo de la exposici\u00f3n, pp. 19-20). Arzobispado de Tarragona.<\/p>\n<\/div>\n<\/div>\n<\/div>\n<\/div>\n<\/div>\n<\/div>\n<\/section>\n<\/div>\n<p>[\/et_pb_text][\/et_pb_column][et_pb_column type=\u00bb2_5&#8243; _builder_version=\u00bb4.27.4&#8243; _module_preset=\u00bbdefault\u00bb global_colors_info=\u00bb{}\u00bb][et_pb_image src=\u00bbhttps:\/\/www.bspt.cat\/wp-content\/uploads\/sites\/126\/2025\/10\/Roisin1.jpg\u00bb title_text=\u00bbRoisin1&#8243; _builder_version=\u00bb4.27.4&#8243; _module_preset=\u00bbdefault\u00bb global_colors_info=\u00bb{}\u00bb][\/et_pb_image][et_pb_image src=\u00bbhttps:\/\/www.bspt.cat\/wp-content\/uploads\/sites\/126\/2025\/10\/Roisin2.jpg\u00bb title_text=\u00bbRoisin2&#8243; _builder_version=\u00bb4.27.4&#8243; _module_preset=\u00bbdefault\u00bb global_colors_info=\u00bb{}\u00bb][\/et_pb_image][et_pb_text _builder_version=\u00bb4.27.6&#8243; _module_preset=\u00bbdefault\u00bb global_colors_info=\u00bb{}\u00bb]<\/p>\n<p>Biblioteca antigua y antiguo gabinete de f\u00edsica y ciencias naturales, a\u00f1os 20. Fotograf\u00edas de Lucien Roisin Bernard (Paris 1884-Barcelona 1943).<\/p>\n<p>[\/et_pb_text][\/et_pb_column][\/et_pb_row][\/et_pb_section]<\/p>\n","protected":false},"excerpt":{"rendered":"<p>\u00a0 La Universidad de Tarragona, fundada y dotada por el cardenal Gaspar Cervantes de Gaeta en 1572, obtuvo del papa Gregorio XIII el privilegio de conferir grados en 1574. Ese mismo a\u00f1o, y a\u00fan el siguiente, fue nuevamente dotada mediante un legado testamentario de su fundador, el arzobispo Antoni Agust\u00ed, que le hab\u00eda sucedido. Inauguraba [&hellip;]<\/p>\n","protected":false},"author":59,"featured_media":0,"parent":652,"menu_order":0,"comment_status":"closed","ping_status":"closed","template":"","meta":{"_et_pb_use_builder":"on","_et_pb_old_content":"","_et_gb_content_width":"","cybocfi_hide_featured_image":"","footnotes":""},"class_list":["post-640","page","type-page","status-publish","hentry"],"amp_enabled":true,"_links":{"self":[{"href":"https:\/\/www.bspt.cat\/es\/wp-json\/wp\/v2\/pages\/640","targetHints":{"allow":["GET"]}}],"collection":[{"href":"https:\/\/www.bspt.cat\/es\/wp-json\/wp\/v2\/pages"}],"about":[{"href":"https:\/\/www.bspt.cat\/es\/wp-json\/wp\/v2\/types\/page"}],"author":[{"embeddable":true,"href":"https:\/\/www.bspt.cat\/es\/wp-json\/wp\/v2\/users\/59"}],"replies":[{"embeddable":true,"href":"https:\/\/www.bspt.cat\/es\/wp-json\/wp\/v2\/comments?post=640"}],"version-history":[{"count":6,"href":"https:\/\/www.bspt.cat\/es\/wp-json\/wp\/v2\/pages\/640\/revisions"}],"predecessor-version":[{"id":780,"href":"https:\/\/www.bspt.cat\/es\/wp-json\/wp\/v2\/pages\/640\/revisions\/780"}],"up":[{"embeddable":true,"href":"https:\/\/www.bspt.cat\/es\/wp-json\/wp\/v2\/pages\/652"}],"wp:attachment":[{"href":"https:\/\/www.bspt.cat\/es\/wp-json\/wp\/v2\/media?parent=640"}],"curies":[{"name":"wp","href":"https:\/\/api.w.org\/{rel}","templated":true}]}}