{"id":624,"date":"2025-09-18T12:39:51","date_gmt":"2025-09-18T10:39:51","guid":{"rendered":"https:\/\/www.bspt.cat\/equip\/"},"modified":"2026-04-23T15:23:26","modified_gmt":"2026-04-23T13:23:26","slug":"equip","status":"publish","type":"page","link":"https:\/\/www.bspt.cat\/es\/sobre-la-biblioteca\/la-biblioteca\/equip\/","title":{"rendered":"El equipo"},"content":{"rendered":"<p>[et_pb_section fb_built=\u00bb1&#8243; _builder_version=\u00bb4.27.4&#8243; _module_preset=\u00bbdefault\u00bb background_image=\u00bbhttps:\/\/www.bspt.cat\/wp-content\/uploads\/sites\/126\/2025\/09\/Equip.jpg\u00bb global_colors_info=\u00bb{}\u00bb][et_pb_row _builder_version=\u00bb4.27.4&#8243; _module_preset=\u00bbdefault\u00bb custom_margin=\u00bb-69px||||false|false\u00bb global_colors_info=\u00bb{}\u00bb][et_pb_column type=\u00bb4_4&#8243; _builder_version=\u00bb4.27.4&#8243; _module_preset=\u00bbdefault\u00bb global_colors_info=\u00bb{}\u00bb][et_pb_cta title=\u00bbEl equipo\u00bb _builder_version=\u00bb4.27.6&#8243; _module_preset=\u00bbdefault\u00bb header_font=\u00bb|||on|||||\u00bb header_text_align=\u00bbcenter\u00bb header_font_size=\u00bb60px\u00bb background_color=\u00bbRGBA(255,255,255,0)\u00bb text_orientation=\u00bbleft\u00bb custom_margin=\u00bb83px||||false|false\u00bb hover_enabled=\u00bb0&#8243; header_text_shadow_style=\u00bbpreset1&#8243; global_colors_info=\u00bb{}\u00bb sticky_enabled=\u00bb0&#8243;][\/et_pb_cta][\/et_pb_column][\/et_pb_row][et_pb_row column_structure=\u00bb1_3,1_3,1_3&#8243; _builder_version=\u00bb4.27.4&#8243; _module_preset=\u00bbdefault\u00bb custom_margin=\u00bb-58px||||false|false\u00bb global_colors_info=\u00bb{}\u00bb][et_pb_column type=\u00bb1_3&#8243; _builder_version=\u00bb4.27.4&#8243; _module_preset=\u00bbdefault\u00bb global_colors_info=\u00bb{}\u00bb][et_pb_text _builder_version=\u00bb4.27.6&#8243; _module_preset=\u00bbdefault\u00bb text_text_color=\u00bb#000000&#8243; global_colors_info=\u00bb{}\u00bb]<\/p>\n<p><strong>Director<\/strong>:<br \/>Dr. Albert Viciano Vives<br \/><strong>c\/e:<\/strong> <a href=\"mailto:mpineda@arqtgn.cat\">aviciano@arqtgn.cat<\/a><\/p>\n<p><strong>T\u00e9cnica bibliotec\u00e1ria:<br \/><\/strong> M\u00f2nica Pineda Arjona<br \/>977 23 34 12 ext.244<br \/><strong>c\/e:<\/strong> <a href=\"mailto:mpineda@arqtgn.cat\">mpineda@arqtgn.cat<\/a><\/p>\n<p><strong>Auxiliares de biblioteca<\/strong>:<br \/>Gemma Mart\u00edn Castarlenas<br \/>977 23 34 12 ext.247<br \/><strong>c\/e:<\/strong> <a href=\"mailto:gmartin@arqtgn.cat\">gmartin@arqtgn.cat<\/a><\/p>\n<p>Dr. Patxi Xabier Segura Echez\u00e1rraga<br \/>977 23 34 12 ext. 237<br \/><strong>c\/e:<\/strong> <a href=\"mailto:xsegura@arqtgn.cat\">xsegura@arqtgn.cat<\/a><\/p>\n<p>[\/et_pb_text][\/et_pb_column][et_pb_column type=\u00bb1_3&#8243; _builder_version=\u00bb4.27.4&#8243; _module_preset=\u00bbdefault\u00bb global_colors_info=\u00bb{}\u00bb][\/et_pb_column][et_pb_column type=\u00bb1_3&#8243; _builder_version=\u00bb4.27.4&#8243; _module_preset=\u00bbdefault\u00bb global_colors_info=\u00bb{}\u00bb][\/et_pb_column][\/et_pb_row][\/et_pb_section]<\/p>\n","protected":false},"excerpt":{"rendered":"<p>Director:Dr. Albert Viciano Vivesc\/e: aviciano@arqtgn.cat T\u00e9cnica bibliotec\u00e1ria: M\u00f2nica Pineda Arjona977 23 34 12 ext.244c\/e: mpineda@arqtgn.cat Auxiliares de biblioteca:Gemma Mart\u00edn Castarlenas977 23 34 12 ext.247c\/e: gmartin@arqtgn.cat Dr. Patxi Xabier Segura Echez\u00e1rraga977 23 34 12 ext. 237c\/e: xsegura@arqtgn.cat<\/p>\n","protected":false},"author":59,"featured_media":0,"parent":633,"menu_order":0,"comment_status":"closed","ping_status":"closed","template":"","meta":{"_et_pb_use_builder":"on","_et_pb_old_content":"","_et_gb_content_width":"","cybocfi_hide_featured_image":"","footnotes":""},"class_list":["post-624","page","type-page","status-publish","hentry"],"amp_enabled":true,"_links":{"self":[{"href":"https:\/\/www.bspt.cat\/es\/wp-json\/wp\/v2\/pages\/624","targetHints":{"allow":["GET"]}}],"collection":[{"href":"https:\/\/www.bspt.cat\/es\/wp-json\/wp\/v2\/pages"}],"about":[{"href":"https:\/\/www.bspt.cat\/es\/wp-json\/wp\/v2\/types\/page"}],"author":[{"embeddable":true,"href":"https:\/\/www.bspt.cat\/es\/wp-json\/wp\/v2\/users\/59"}],"replies":[{"embeddable":true,"href":"https:\/\/www.bspt.cat\/es\/wp-json\/wp\/v2\/comments?post=624"}],"version-history":[{"count":4,"href":"https:\/\/www.bspt.cat\/es\/wp-json\/wp\/v2\/pages\/624\/revisions"}],"predecessor-version":[{"id":759,"href":"https:\/\/www.bspt.cat\/es\/wp-json\/wp\/v2\/pages\/624\/revisions\/759"}],"up":[{"embeddable":true,"href":"https:\/\/www.bspt.cat\/es\/wp-json\/wp\/v2\/pages\/633"}],"wp:attachment":[{"href":"https:\/\/www.bspt.cat\/es\/wp-json\/wp\/v2\/media?parent=624"}],"curies":[{"name":"wp","href":"https:\/\/api.w.org\/{rel}","templated":true}]}}