{"id":621,"date":"2025-09-18T12:59:27","date_gmt":"2025-09-18T10:59:27","guid":{"rendered":"https:\/\/www.bspt.cat\/normativa\/"},"modified":"2026-04-23T11:14:16","modified_gmt":"2026-04-23T09:14:16","slug":"normativa","status":"publish","type":"page","link":"https:\/\/www.bspt.cat\/es\/sobre-la-biblioteca\/la-biblioteca\/normativa\/","title":{"rendered":"Normativa"},"content":{"rendered":"<p>[et_pb_section fb_built=\u00bb1&#8243; _builder_version=\u00bb4.27.4&#8243; _module_preset=\u00bbdefault\u00bb background_image=\u00bbhttps:\/\/www.bspt.cat\/wp-content\/uploads\/sites\/126\/2025\/09\/normativa.jpg\u00bb global_colors_info=\u00bb{}\u00bb][et_pb_row _builder_version=\u00bb4.27.4&#8243; _module_preset=\u00bbdefault\u00bb global_colors_info=\u00bb{}\u00bb][et_pb_column type=\u00bb4_4&#8243; _builder_version=\u00bb4.27.4&#8243; _module_preset=\u00bbdefault\u00bb global_colors_info=\u00bb{}\u00bb][et_pb_cta title=\u00bbNormativa\u00bb button_url=\u00bbhttps:\/\/cataleg.bspt.cat\/cgi-bin\/koha\/opac-shelves.pl?op=list&#038;public=1&#8243; _builder_version=\u00bb4.27.4&#8243; _module_preset=\u00bbdefault\u00bb header_font=\u00bb|700||on|||||\u00bb header_font_size=\u00bb55px\u00bb body_font=\u00bb||||||||\u00bb background_color=\u00bbRGBA(255,255,255,0)\u00bb custom_button=\u00bbon\u00bb button_text_size=\u00bb19px\u00bb button_bg_color=\u00bbrgba(224,153,0,0.48)\u00bb button_border_width=\u00bb4px\u00bb button_border_color=\u00bb#FFFFFF\u00bb button_border_radius=\u00bb11px\u00bb button_font=\u00bb|800||on|||||\u00bb button_alignment=\u00bbcenter\u00bb button_custom_margin=\u00bb29px||||false|false\u00bb button_custom_padding=\u00bb||||false|false\u00bb custom_margin=\u00bb31px||||false|false\u00bb custom_padding=\u00bb||126px||false|false\u00bb header_text_shadow_style=\u00bbpreset1&#8243; global_colors_info=\u00bb{}\u00bb][\/et_pb_cta][\/et_pb_column][\/et_pb_row][\/et_pb_section][et_pb_section fb_built=\u00bb1&#8243; _builder_version=\u00bb4.27.4&#8243; _module_preset=\u00bbdefault\u00bb global_colors_info=\u00bb{}\u00bb][et_pb_row column_structure=\u00bb1_5,3_5,1_5&#8243; _builder_version=\u00bb4.27.4&#8243; _module_preset=\u00bbdefault\u00bb global_colors_info=\u00bb{}\u00bb][et_pb_column type=\u00bb1_5&#8243; _builder_version=\u00bb4.27.4&#8243; _module_preset=\u00bbdefault\u00bb global_colors_info=\u00bb{}\u00bb][\/et_pb_column][et_pb_column type=\u00bb3_5&#8243; _builder_version=\u00bb4.27.4&#8243; _module_preset=\u00bbdefault\u00bb global_colors_info=\u00bb{}\u00bb][et_pb_accordion _builder_version=\u00bb4.27.6&#8243; _module_preset=\u00bbdefault\u00bb toggle_font_size=\u00bb20px\u00bb hover_enabled=\u00bb0&#8243; global_colors_info=\u00bb{}\u00bb sticky_enabled=\u00bb0&#8243;][et_pb_accordion_item open=\u00bbon\u00bb _builder_version=\u00bb4.27.4&#8243; _module_preset=\u00bbdefault\u00bb custom_css_main_element=\u00bbdisplay:none;\u00bb global_colors_info=\u00bb{}\u00bb][\/et_pb_accordion_item][et_pb_accordion_item title=\u00bbCondiciones de acceso, consulta y uso de los servicios\u00bb _builder_version=\u00bb4.27.6&#8243; _module_preset=\u00bbdefault\u00bb hover_enabled=\u00bb0&#8243; global_colors_info=\u00bb{}\u00bb open=\u00bboff\u00bb sticky_enabled=\u00bb0&#8243;]<\/p>\n<p data-start=\"0\" data-end=\"312\">\u2014 El horario de la Biblioteca es de lunes a jueves, de 10:00 a 19:45 h, y los viernes, de 10:00 a 13:30 h. Durante el verano (de mediados de junio a mediados de septiembre), la Biblioteca no abre por las tardes, y el mes de agosto permanece cerrada al p\u00fablico. Consulte los horarios espec\u00edficos en la p\u00e1gina web.<\/p>\n<p data-start=\"314\" data-end=\"832\">\u2014 El acceso a la Biblioteca y la consulta de documentos en la sala de lectura es libre, para fines de consulta, investigaci\u00f3n y estudio. Para acceder, los usuarios deben acreditarse y registrar la entrada y la salida. Para obtener la acreditaci\u00f3n de usuario de la Biblioteca es necesario ser mayor de 16 a\u00f1os y rellenar un documento con los datos personales. El carn\u00e9 de usuario permite beneficiarse del servicio de pr\u00e9stamo, y la validez de este carn\u00e9 ser\u00e1 de un curso acad\u00e9mico. Solicite informaci\u00f3n en el mostrador.<\/p>\n<p data-start=\"834\" data-end=\"1033\">\u2014 Para consultar documentos ubicados en el dep\u00f3sito o en la biblioteca antigua, es necesario realizar la solicitud con antelaci\u00f3n. Contacte con el personal de la Biblioteca para realizar la petici\u00f3n.<\/p>\n<p data-start=\"1035\" data-end=\"1219\">\u2014 Para hacer uso de la sala de trabajo en grupo y reservarla, es necesario acreditarse como usuario de la Biblioteca. Consulte la normativa espec\u00edfica con el personal de la Biblioteca.<\/p>\n<p data-start=\"1221\" data-end=\"1561\">\u2014 La Biblioteca es un espacio de investigaci\u00f3n, de estudio y de silencio, y debe respetarse como tal. Es necesario silenciar los tel\u00e9fonos m\u00f3viles al entrar en la Biblioteca. No est\u00e1 permitido comer, beber ni fumar. Se deben mantener limpias y ordenadas las zonas de estudio y recoger los objetos personales al finalizar el uso del espacio.<\/p>\n<p data-start=\"1563\" data-end=\"1749\" data-is-last-node=\"\" data-is-only-node=\"\">\u2014 Los usuarios de la Biblioteca deben cumplir las condiciones de uso de los servicios y respetar esta normativa. La direcci\u00f3n se reserva el derecho de sancionar cualquier incumplimiento.<\/p>\n<p>[\/et_pb_accordion_item][et_pb_accordion_item title=\u00bbCondiciones de pr\u00e9stamo\u00bb _builder_version=\u00bb4.27.6&#8243; _module_preset=\u00bbdefault\u00bb hover_enabled=\u00bb0&#8243; global_colors_info=\u00bb{}\u00bb open=\u00bboff\u00bb sticky_enabled=\u00bb0&#8243;]<\/p>\n<p data-start=\"0\" data-end=\"338\">\u2014 El servicio de pr\u00e9stamo de libros se ofrece a todos los usuarios expresamente autorizados. Para beneficiarse de este servicio, es necesario acreditarse como usuario de la Biblioteca (v\u00e9ase Condiciones de acceso, consulta y uso de los servicios). La Biblioteca facilitar\u00e1 el pr\u00e9stamo de documentos a los usuarios siempre que sea posible.<\/p>\n<p data-start=\"340\" data-end=\"470\">\u2014 Cada usuario puede tener en pr\u00e9stamo hasta tres documentos durante 15 d\u00edas, siempre que ninguno de los documentos est\u00e9 excluido.<\/p>\n<p data-start=\"472\" data-end=\"623\">\u2014 El pr\u00e9stamo puede renovarse hasta seis veces, siempre que el documento no haya sido reservado por otro usuario o haya excedido el tiempo de pr\u00e9stamo.<\/p>\n<p data-start=\"625\" data-end=\"837\">\u2014 Si los documentos no se devuelven dentro del plazo, el usuario quedar\u00e1 excluido temporalmente del servicio de pr\u00e9stamo de documentos y se aplicar\u00e1 un d\u00eda de bloqueo por cada documento y por cada d\u00eda de retraso.<\/p>\n<p data-start=\"839\" data-end=\"1339\" data-is-last-node=\"\" data-is-only-node=\"\">\u2014 Los usuarios deben velar por la buena conservaci\u00f3n de los documentos prestados. En caso de p\u00e9rdida de un documento prestado, o si se devuelve deteriorado, el usuario se har\u00e1 cargo de la reposici\u00f3n del ejemplar en la misma edici\u00f3n, si es posible. En caso contrario, la Biblioteca propondr\u00e1 la compra que considere m\u00e1s adecuada. El usuario quedar\u00e1 excluido del servicio de pr\u00e9stamo mientras no cumpla este requisito, con independencia de otras medidas que la direcci\u00f3n de la Biblioteca pueda aplicar.<\/p>\n<p>[\/et_pb_accordion_item][et_pb_accordion_item title=\u00bbDocumentos excluidos de pr\u00e9stamo\u00bb _builder_version=\u00bb4.27.6&#8243; _module_preset=\u00bbdefault\u00bb hover_enabled=\u00bb0&#8243; global_colors_info=\u00bb{}\u00bb open=\u00bboff\u00bb sticky_enabled=\u00bb0&#8243;]<\/p>\n<ul>\n<li data-start=\"0\" data-end=\"338\">Todas aquellas obras anteriores a 1950.<\/li>\n<li data-start=\"0\" data-end=\"338\">Todas las publicaciones peri\u00f3dicas de la Biblioteca.<\/li>\n<li data-start=\"0\" data-end=\"338\">Todos los libros de arte ilustrado y los que contengan l\u00e1minas.<\/li>\n<li data-start=\"0\" data-end=\"338\">Todas las obras con caracter\u00edsticas de valor hist\u00f3rico, art\u00edstico o artesanal.<\/li>\n<li data-start=\"0\" data-end=\"338\">Las obras de referencia general: enciclopedias, diccionarios, Biblias, libros lit\u00fargicos, etc.<\/li>\n<\/ul>\n<p data-start=\"340\" data-end=\"474\" data-is-last-node=\"\" data-is-only-node=\"\">Los servicios de solicitud de documentos, pr\u00e9stamo o peticiones bibliogr\u00e1ficas finalizan 15 minutos antes del cierre de la Biblioteca.<\/p>\n<p>[\/et_pb_accordion_item][et_pb_accordion_item title=\u00bbUso de la sala de trabajo\u00bb _builder_version=\u00bb4.27.6&#8243; _module_preset=\u00bbdefault\u00bb hover_enabled=\u00bb0&#8243; global_colors_info=\u00bb{}\u00bb open=\u00bboff\u00bb sticky_enabled=\u00bb0&#8243;]<\/p>\n<p data-start=\"0\" data-end=\"31\"><strong data-start=\"0\" data-end=\"31\">Caracter\u00edsticas de la sala:<\/strong><\/p>\n<ul>\n<li data-start=\"33\" data-end=\"118\">Capacidad m\u00e1xima: 8 personas.<\/li>\n<li data-start=\"33\" data-end=\"118\">Equipamiento: mesa, sillas, conexi\u00f3n Wi-Fi, enchufes.<\/li>\n<\/ul>\n<hr data-start=\"120\" data-end=\"123\" \/>\n<p data-start=\"125\" data-end=\"148\"><strong data-start=\"125\" data-end=\"148\">Reserva de la sala:<\/strong><\/p>\n<ul>\n<li data-start=\"150\" data-end=\"733\">V\u00edas de reserva: presencialmente en el mostrador, por correo electr\u00f3nico a <a class=\"decorated-link cursor-pointer\" rel=\"noopener\" data-start=\"225\" data-end=\"255\">biblioteca.seminari@arqtgn.cat<\/a> o por tel\u00e9fono al 977 253137.<\/li>\n<li data-start=\"150\" data-end=\"733\">La sala puede reservarse con 1 semana de antelaci\u00f3n.<\/li>\n<li data-start=\"150\" data-end=\"733\">La persona que realiza la reserva debe acreditarse como usuario\/a de la Biblioteca y ser\u00e1 responsable de la reserva y del uso de la sala.<\/li>\n<li data-start=\"150\" data-end=\"733\">La reserva se pierde si, pasados 15 minutos, el grupo no se presenta.<\/li>\n<li data-start=\"150\" data-end=\"733\">Solo se puede reservar un m\u00e1ximo de 2 horas al d\u00eda. En caso de que no haya otra reserva posterior, se podr\u00e1 ampliar la sesi\u00f3n con el permiso previo del personal de la Biblioteca.<\/li>\n<\/ul>\n<hr data-start=\"735\" data-end=\"738\" \/>\n<p data-start=\"740\" data-end=\"778\"><strong data-start=\"740\" data-end=\"778\">Condiciones de acceso y normativa:<\/strong><\/p>\n<ul>\n<li data-start=\"780\" data-end=\"1766\">Para hacer uso de este servicio es necesario registrarse o acreditarse como usuario\/a de la Biblioteca.<\/li>\n<li data-start=\"780\" data-end=\"1766\">La edad m\u00ednima para utilizar la sala es de 16 a\u00f1os.<\/li>\n<li data-start=\"780\" data-end=\"1766\">El horario de uso es el mismo que el horario de la Biblioteca.<\/li>\n<li data-start=\"780\" data-end=\"1766\">No se permiten actividades lucrativas o comerciales dentro de la sala.<\/li>\n<li data-start=\"780\" data-end=\"1766\">La Biblioteca no se responsabiliza de los objetos personales; hay taquillas en la entrada donde pueden depositarse.<\/li>\n<li data-start=\"780\" data-end=\"1766\">La Biblioteca se reserva el derecho de uso de la sala por necesidades del servicio.<\/li>\n<li data-start=\"780\" data-end=\"1766\">Se debe mantener un ambiente de trabajo adecuado y un tono de voz bajo; no se permite la reproducci\u00f3n de m\u00fasica.<\/li>\n<li data-start=\"780\" data-end=\"1766\">Los tel\u00e9fonos m\u00f3viles deben estar en silencio y no se pueden realizar ni recibir llamadas.<\/li>\n<li data-start=\"780\" data-end=\"1766\">No est\u00e1 permitido fumar ni comer dentro de la sala.<\/li>\n<li data-start=\"780\" data-end=\"1766\">Se debe respetar el equipamiento y el mobiliario.<\/li>\n<li data-start=\"780\" data-end=\"1766\">La sala de trabajo debe quedar limpia y ordenada despu\u00e9s de cada uso.<\/li>\n<li data-start=\"780\" data-end=\"1766\">Al finalizar el uso, el grupo debe dirigirse al mostrador de la Biblioteca e informar al personal.<\/li>\n<\/ul>\n<p data-start=\"1768\" data-end=\"1857\" data-is-last-node=\"\" data-is-only-node=\"\">El incumplimiento de esta normativa comportar\u00e1 la prohibici\u00f3n de acceder a este servicio.<\/p>\n<p>[\/et_pb_accordion_item][\/et_pb_accordion][\/et_pb_column][et_pb_column type=\u00bb1_5&#8243; _builder_version=\u00bb4.27.4&#8243; _module_preset=\u00bbdefault\u00bb global_colors_info=\u00bb{}\u00bb][\/et_pb_column][\/et_pb_row][\/et_pb_section]<\/p>\n","protected":false},"excerpt":{"rendered":"<p>\u2014 El horario de la Biblioteca es de lunes a jueves, de 10:00 a 19:45 h, y los viernes, de 10:00 a 13:30 h. Durante el verano (de mediados de junio a mediados de septiembre), la Biblioteca no abre por las tardes, y el mes de agosto permanece cerrada al p\u00fablico. Consulte los horarios espec\u00edficos [&hellip;]<\/p>\n","protected":false},"author":59,"featured_media":0,"parent":633,"menu_order":0,"comment_status":"closed","ping_status":"closed","template":"","meta":{"_et_pb_use_builder":"on","_et_pb_old_content":"","_et_gb_content_width":"","cybocfi_hide_featured_image":"","footnotes":""},"class_list":["post-621","page","type-page","status-publish","hentry"],"amp_enabled":true,"_links":{"self":[{"href":"https:\/\/www.bspt.cat\/es\/wp-json\/wp\/v2\/pages\/621","targetHints":{"allow":["GET"]}}],"collection":[{"href":"https:\/\/www.bspt.cat\/es\/wp-json\/wp\/v2\/pages"}],"about":[{"href":"https:\/\/www.bspt.cat\/es\/wp-json\/wp\/v2\/types\/page"}],"author":[{"embeddable":true,"href":"https:\/\/www.bspt.cat\/es\/wp-json\/wp\/v2\/users\/59"}],"replies":[{"embeddable":true,"href":"https:\/\/www.bspt.cat\/es\/wp-json\/wp\/v2\/comments?post=621"}],"version-history":[{"count":1,"href":"https:\/\/www.bspt.cat\/es\/wp-json\/wp\/v2\/pages\/621\/revisions"}],"predecessor-version":[{"id":623,"href":"https:\/\/www.bspt.cat\/es\/wp-json\/wp\/v2\/pages\/621\/revisions\/623"}],"up":[{"embeddable":true,"href":"https:\/\/www.bspt.cat\/es\/wp-json\/wp\/v2\/pages\/633"}],"wp:attachment":[{"href":"https:\/\/www.bspt.cat\/es\/wp-json\/wp\/v2\/media?parent=621"}],"curies":[{"name":"wp","href":"https:\/\/api.w.org\/{rel}","templated":true}]}}