{"id":616,"date":"2025-09-18T17:40:36","date_gmt":"2025-09-18T15:40:36","guid":{"rendered":"https:\/\/www.bspt.cat\/recursos-en-linia\/"},"modified":"2026-04-23T15:23:52","modified_gmt":"2026-04-23T13:23:52","slug":"recursos-en-linia","status":"publish","type":"page","link":"https:\/\/www.bspt.cat\/es\/sobre-la-biblioteca\/la-biblioteca\/recursos-en-linia\/","title":{"rendered":"Recursos en l\u00ednia"},"content":{"rendered":"<p>[et_pb_section fb_built=\u00bb1&#8243; _builder_version=\u00bb4.27.4&#8243; _module_preset=\u00bbdefault\u00bb background_image=\u00bbhttps:\/\/www.bspt.cat\/wp-content\/uploads\/sites\/126\/2025\/10\/Capcalera_recursos.jpg\u00bb animation_style=\u00bbzoom\u00bb global_colors_info=\u00bb{}\u00bb][et_pb_row _builder_version=\u00bb4.27.4&#8243; _module_preset=\u00bbdefault\u00bb global_colors_info=\u00bb{}\u00bb][et_pb_column type=\u00bb4_4&#8243; _builder_version=\u00bb4.27.4&#8243; _module_preset=\u00bbdefault\u00bb global_colors_info=\u00bb{}\u00bb][et_pb_cta title=\u00bbRecursos en l\u00ednia\u00bb _builder_version=\u00bb4.27.4&#8243; _module_preset=\u00bbdefault\u00bb header_font=\u00bbABeeZee|700||on|||||\u00bb header_font_size=\u00bb52px\u00bb background_color=\u00bbRGBA(255,255,255,0)\u00bb custom_margin=\u00bb32px||||false|false\u00bb custom_padding=\u00bb||151px||false|false\u00bb hover_enabled=\u00bb0&#8243; header_text_shadow_style=\u00bbpreset1&#8243; global_colors_info=\u00bb{}\u00bb sticky_enabled=\u00bb0&#8243;][\/et_pb_cta][\/et_pb_column][\/et_pb_row][\/et_pb_section][et_pb_section fb_built=\u00bb1&#8243; _builder_version=\u00bb4.27.4&#8243; _module_preset=\u00bbdefault\u00bb global_colors_info=\u00bb{}\u00bb][et_pb_row column_structure=\u00bb1_2,1_2&#8243; _builder_version=\u00bb4.27.4&#8243; _module_preset=\u00bbdefault\u00bb global_colors_info=\u00bb{}\u00bb][et_pb_column type=\u00bb1_2&#8243; _builder_version=\u00bb4.27.4&#8243; _module_preset=\u00bbdefault\u00bb global_colors_info=\u00bb{}\u00bb][et_pb_text admin_label=\u00bbTitol\u00bb _builder_version=\u00bb4.27.6&#8243; _module_preset=\u00bbdefault\u00bb text_font=\u00bb|800||on|||||\u00bb text_text_color=\u00bb#2c963a\u00bb text_font_size=\u00bb26px\u00bb background_color=\u00bbrgba(0,0,0,0.1)\u00bb text_orientation=\u00bbcenter\u00bb custom_margin=\u00bb-1px||||false|false\u00bb custom_padding=\u00bb10px||9px||false|false\u00bb border_radii=\u00bbon|13px|13px|13px|13px\u00bb global_colors_info=\u00bb{}\u00bb]<\/p>\n<p>Cat\u00e1logo local<\/p>\n<p>[\/et_pb_text][et_pb_text admin_label=\u00bbcataleg local\u00bb _builder_version=\u00bb4.27.6&#8243; _module_preset=\u00bbdefault\u00bb global_colors_info=\u00bb{}\u00bb]<\/p>\n<p>Este es el cat\u00e1logo propio de la Biblioteca e incorpora el fondo bibliogr\u00e1fico de las entidades que conforman el Arzobispado de Tarragona: la Biblioteca del Museo Diocesano, el Museo B\u00edblico, la Biblioteca Capitular de la Catedral, el Archivo Hist\u00f3rico Archidiocesano y la Biblioteca del Seminario.<\/p>\n<p>[\/et_pb_text][et_pb_button button_url=\u00bbhttps:\/\/cataleg.bspt.cat\/\u00bb url_new_window=\u00bbon\u00bb button_text=\u00bbCat\u00e1logo local \u00bb\u00bb button_alignment=\u00bbcenter\u00bb _builder_version=\u00bb4.27.6&#8243; _module_preset=\u00bbdefault\u00bb custom_button=\u00bbon\u00bb button_text_size=\u00bb18px\u00bb button_border_width=\u00bb3px\u00bb button_border_radius=\u00bb14px\u00bb button_font=\u00bb|800|||||||\u00bb button_use_icon=\u00bboff\u00bb global_colors_info=\u00bb{}\u00bb][\/et_pb_button][\/et_pb_column][et_pb_column type=\u00bb1_2&#8243; _builder_version=\u00bb4.27.4&#8243; _module_preset=\u00bbdefault\u00bb global_colors_info=\u00bb{}\u00bb][et_pb_text admin_label=\u00bbTitol\u00bb _builder_version=\u00bb4.27.6&#8243; _module_preset=\u00bbdefault\u00bb text_font=\u00bb|800||on|||||\u00bb text_text_color=\u00bb#2c963a\u00bb text_font_size=\u00bb26px\u00bb background_color=\u00bbrgba(0,0,0,0.1)\u00bb text_orientation=\u00bbcenter\u00bb custom_margin=\u00bb-1px||||false|false\u00bb custom_padding=\u00bb10px||9px||false|false\u00bb border_radii=\u00bbon|13px|13px|13px|13px\u00bb global_colors_info=\u00bb{}\u00bb]<\/p>\n<p>Cat\u00e1logo colectivo ABIE<\/p>\n<p>[\/et_pb_text][et_pb_text admin_label=\u00bbcataleg local\u00bb _builder_version=\u00bb4.27.6&#8243; _module_preset=\u00bbdefault\u00bb global_colors_info=\u00bb{}\u00bb]<\/p>\n<p>La Biblioteca del Seminario forma parte del cat\u00e1logo colectivo gestionado por la Asociaci\u00f3n de Bibliotecarios de la Iglesia en Espa\u00f1a (ABIE). Incorpora los fondos bibliogr\u00e1ficos de las bibliotecas eclesi\u00e1sticas espa\u00f1olas: bibliotecas de seminarios, di\u00f3cesis, catedrales, \u00f3rdenes religiosas, universidades e institutos superiores de ciencias religiosas.<\/p>\n<p>[\/et_pb_text][et_pb_button button_url=\u00bbhttps:\/\/catalogo.bibliotecaseclesiasticas.es\/\u00bb url_new_window=\u00bbon\u00bb button_text=\u00bbCat\u00e1logo colectivo ABIE \u00bb\u00bb button_alignment=\u00bbcenter\u00bb _builder_version=\u00bb4.27.6&#8243; _module_preset=\u00bbdefault\u00bb custom_button=\u00bbon\u00bb button_text_size=\u00bb18px\u00bb button_border_width=\u00bb3px\u00bb button_border_radius=\u00bb14px\u00bb button_font=\u00bb|800|||||||\u00bb button_use_icon=\u00bboff\u00bb global_colors_info=\u00bb{}\u00bb][\/et_pb_button][\/et_pb_column][\/et_pb_row][\/et_pb_section]<\/p>\n","protected":false},"excerpt":{"rendered":"<p>Cat\u00e1logo localEste es el cat\u00e1logo propio de la Biblioteca e incorpora el fondo bibliogr\u00e1fico de las entidades que conforman el Arzobispado de Tarragona: la Biblioteca del Museo Diocesano, el Museo B\u00edblico, la Biblioteca Capitular de la Catedral, el Archivo Hist\u00f3rico Archidiocesano y la Biblioteca del Seminario.Cat\u00e1logo colectivo ABIELa Biblioteca del Seminario forma parte del cat\u00e1logo [&hellip;]<\/p>\n","protected":false},"author":59,"featured_media":0,"parent":633,"menu_order":0,"comment_status":"closed","ping_status":"closed","template":"","meta":{"_et_pb_use_builder":"on","_et_pb_old_content":"","_et_gb_content_width":"","cybocfi_hide_featured_image":"","footnotes":""},"class_list":["post-616","page","type-page","status-publish","hentry"],"amp_enabled":true,"_links":{"self":[{"href":"https:\/\/www.bspt.cat\/es\/wp-json\/wp\/v2\/pages\/616","targetHints":{"allow":["GET"]}}],"collection":[{"href":"https:\/\/www.bspt.cat\/es\/wp-json\/wp\/v2\/pages"}],"about":[{"href":"https:\/\/www.bspt.cat\/es\/wp-json\/wp\/v2\/types\/page"}],"author":[{"embeddable":true,"href":"https:\/\/www.bspt.cat\/es\/wp-json\/wp\/v2\/users\/59"}],"replies":[{"embeddable":true,"href":"https:\/\/www.bspt.cat\/es\/wp-json\/wp\/v2\/comments?post=616"}],"version-history":[{"count":2,"href":"https:\/\/www.bspt.cat\/es\/wp-json\/wp\/v2\/pages\/616\/revisions"}],"predecessor-version":[{"id":620,"href":"https:\/\/www.bspt.cat\/es\/wp-json\/wp\/v2\/pages\/616\/revisions\/620"}],"up":[{"embeddable":true,"href":"https:\/\/www.bspt.cat\/es\/wp-json\/wp\/v2\/pages\/633"}],"wp:attachment":[{"href":"https:\/\/www.bspt.cat\/es\/wp-json\/wp\/v2\/media?parent=616"}],"curies":[{"name":"wp","href":"https:\/\/api.w.org\/{rel}","templated":true}]}}