{"id":612,"date":"2025-09-18T12:46:41","date_gmt":"2025-09-18T10:46:41","guid":{"rendered":"https:\/\/www.bspt.cat\/serveis\/"},"modified":"2026-04-23T15:24:29","modified_gmt":"2026-04-23T13:24:29","slug":"serveis","status":"publish","type":"page","link":"https:\/\/www.bspt.cat\/es\/sobre-la-biblioteca\/la-biblioteca\/serveis\/","title":{"rendered":"Servicios"},"content":{"rendered":"<p>[et_pb_section fb_built=\u00bb1&#8243; _builder_version=\u00bb4.27.4&#8243; _module_preset=\u00bbdefault\u00bb background_image=\u00bbhttps:\/\/www.bspt.cat\/wp-content\/uploads\/sites\/126\/2025\/09\/Serveis.jpg\u00bb global_colors_info=\u00bb{}\u00bb][et_pb_row _builder_version=\u00bb4.27.4&#8243; _module_preset=\u00bbdefault\u00bb global_colors_info=\u00bb{}\u00bb][et_pb_column type=\u00bb4_4&#8243; _builder_version=\u00bb4.27.4&#8243; _module_preset=\u00bbdefault\u00bb global_colors_info=\u00bb{}\u00bb][et_pb_cta title=\u00bbServicios\u00bb button_url=\u00bbhttps:\/\/cataleg.bspt.cat\/cgi-bin\/koha\/opac-shelves.pl?op=list&#038;public=1&#8243; _builder_version=\u00bb4.27.6&#8243; _module_preset=\u00bbdefault\u00bb header_font=\u00bb|700||on|||||\u00bb header_text_color=\u00bb#FFFFFF\u00bb header_font_size=\u00bb55px\u00bb body_font=\u00bb||||||||\u00bb background_color=\u00bbRGBA(255,255,255,0)\u00bb custom_button=\u00bbon\u00bb button_text_size=\u00bb19px\u00bb button_bg_color=\u00bbrgba(224,153,0,0.48)\u00bb button_border_width=\u00bb4px\u00bb button_border_color=\u00bb#FFFFFF\u00bb button_border_radius=\u00bb11px\u00bb button_font=\u00bb|800||on|||||\u00bb button_alignment=\u00bbcenter\u00bb button_custom_margin=\u00bb29px||||false|false\u00bb button_custom_padding=\u00bb||||false|false\u00bb custom_margin=\u00bb||||false|false\u00bb custom_padding=\u00bb||||false|false\u00bb hover_enabled=\u00bb0&#8243; header_text_shadow_style=\u00bbpreset1&#8243; global_colors_info=\u00bb{}\u00bb sticky_enabled=\u00bb0&#8243;][\/et_pb_cta][\/et_pb_column][\/et_pb_row][\/et_pb_section][et_pb_section fb_built=\u00bb1&#8243; _builder_version=\u00bb4.27.4&#8243; _module_preset=\u00bbdefault\u00bb global_colors_info=\u00bb{}\u00bb][et_pb_row column_structure=\u00bb3_5,2_5&#8243; _builder_version=\u00bb4.27.4&#8243; _module_preset=\u00bbdefault\u00bb global_colors_info=\u00bb{}\u00bb][et_pb_column type=\u00bb3_5&#8243; _builder_version=\u00bb4.27.4&#8243; _module_preset=\u00bbdefault\u00bb global_colors_info=\u00bb{}\u00bb][et_pb_text _builder_version=\u00bb4.27.6&#8243; _module_preset=\u00bbdefault\u00bb global_colors_info=\u00bb{}\u00bb]<\/p>\n<ul>\n<li>Consulta en sala, con 83 puestos disponibles y una sala de trabajo en grupo con capacidad para 8 personas.<\/li>\n<li>Informaci\u00f3n bibliogr\u00e1fica, con atenci\u00f3n presencial, telef\u00f3nica y en l\u00ednea a trav\u00e9s del <a href=\"https:\/\/cataleg.bspt.cat\/\">cat\u00e1logo<\/a> de la Biblioteca y del correo electr\u00f3nico <a class=\"decorated-link cursor-pointer\" rel=\"noopener\" data-start=\"247\" data-end=\"276\">biblioteca.seminari@arqtg.cat<\/a>.<\/li>\n<li>Orientaci\u00f3n y asesoramiento en la investigaci\u00f3n.<br data-start=\"328\" data-end=\"331\" \/>Pr\u00e9stamo de documentos.<\/li>\n<li>Wi-Fi y acceso a dos terminales para consultas bibliogr\u00e1ficas.<\/li>\n<li>Visitas guiadas para grupos de estudiantes o adultos, con cita previa. Es necesario contactar con el personal de la biblioteca para concertar la <a href=\"https:\/\/www.bspt.cat\/es\/sobre-la-biblioteca\/la-biblioteca\/visites-guiades\/\">visita<\/a>.<\/li>\n<\/ul>\n<p>[\/et_pb_text][\/et_pb_column][et_pb_column type=\u00bb2_5&#8243; _builder_version=\u00bb4.27.4&#8243; _module_preset=\u00bbdefault\u00bb global_colors_info=\u00bb{}\u00bb][et_pb_image src=\u00bbhttps:\/\/www.bspt.cat\/wp-content\/uploads\/sites\/126\/2025\/09\/bibliotecanova.jpg\u00bb title_text=\u00bbbibliotecanova\u00bb _builder_version=\u00bb4.27.4&#8243; _module_preset=\u00bbdefault\u00bb box_shadow_style=\u00bbpreset2&#8243; global_colors_info=\u00bb{}\u00bb][\/et_pb_image][\/et_pb_column][\/et_pb_row][\/et_pb_section]<\/p>\n","protected":false},"excerpt":{"rendered":"<p>Consulta en sala, con 83 puestos disponibles y una sala de trabajo en grupo con capacidad para 8 personas. Informaci\u00f3n bibliogr\u00e1fica, con atenci\u00f3n presencial, telef\u00f3nica y en l\u00ednea a trav\u00e9s del cat\u00e1logo de la Biblioteca y del correo electr\u00f3nico biblioteca.seminari@arqtg.cat. Orientaci\u00f3n y asesoramiento en la investigaci\u00f3n.Pr\u00e9stamo de documentos. Wi-Fi y acceso a dos terminales para [&hellip;]<\/p>\n","protected":false},"author":59,"featured_media":0,"parent":633,"menu_order":0,"comment_status":"closed","ping_status":"closed","template":"","meta":{"_et_pb_use_builder":"on","_et_pb_old_content":"","_et_gb_content_width":"","cybocfi_hide_featured_image":"","footnotes":""},"class_list":["post-612","page","type-page","status-publish","hentry"],"amp_enabled":true,"_links":{"self":[{"href":"https:\/\/www.bspt.cat\/es\/wp-json\/wp\/v2\/pages\/612","targetHints":{"allow":["GET"]}}],"collection":[{"href":"https:\/\/www.bspt.cat\/es\/wp-json\/wp\/v2\/pages"}],"about":[{"href":"https:\/\/www.bspt.cat\/es\/wp-json\/wp\/v2\/types\/page"}],"author":[{"embeddable":true,"href":"https:\/\/www.bspt.cat\/es\/wp-json\/wp\/v2\/users\/59"}],"replies":[{"embeddable":true,"href":"https:\/\/www.bspt.cat\/es\/wp-json\/wp\/v2\/comments?post=612"}],"version-history":[{"count":4,"href":"https:\/\/www.bspt.cat\/es\/wp-json\/wp\/v2\/pages\/612\/revisions"}],"predecessor-version":[{"id":761,"href":"https:\/\/www.bspt.cat\/es\/wp-json\/wp\/v2\/pages\/612\/revisions\/761"}],"up":[{"embeddable":true,"href":"https:\/\/www.bspt.cat\/es\/wp-json\/wp\/v2\/pages\/633"}],"wp:attachment":[{"href":"https:\/\/www.bspt.cat\/es\/wp-json\/wp\/v2\/media?parent=612"}],"curies":[{"name":"wp","href":"https:\/\/api.w.org\/{rel}","templated":true}]}}