{"id":607,"date":"2025-09-19T13:27:20","date_gmt":"2025-09-19T11:27:20","guid":{"rendered":"https:\/\/www.bspt.cat\/visites-guiades\/"},"modified":"2026-04-23T15:57:01","modified_gmt":"2026-04-23T13:57:01","slug":"visites-guiades","status":"publish","type":"page","link":"https:\/\/www.bspt.cat\/es\/sobre-la-biblioteca\/la-biblioteca\/visites-guiades\/","title":{"rendered":"Visitas guiadas"},"content":{"rendered":"<p>[et_pb_section fb_built=\u00bb1&#8243; _builder_version=\u00bb4.27.4&#8243; _module_preset=\u00bbdefault\u00bb background_color=\u00bbRGBA(255,255,255,0)\u00bb background_image=\u00bbhttps:\/\/www.bspt.cat\/wp-content\/uploads\/sites\/126\/2025\/09\/bibliotecanova.jpg\u00bb global_colors_info=\u00bb{}\u00bb][et_pb_row _builder_version=\u00bb4.27.4&#8243; _module_preset=\u00bbdefault\u00bb global_colors_info=\u00bb{}\u00bb][et_pb_column type=\u00bb4_4&#8243; _builder_version=\u00bb4.27.4&#8243; _module_preset=\u00bbdefault\u00bb global_colors_info=\u00bb{}\u00bb][et_pb_cta title=\u00bbVisitas guiadas\u00bb _builder_version=\u00bb4.27.6&#8243; _module_preset=\u00bbdefault\u00bb header_font=\u00bbABeeZee|||on|||||\u00bb header_font_size=\u00bb54px\u00bb background_enable_color=\u00bboff\u00bb custom_margin=\u00bb73px||||false|false\u00bb custom_padding=\u00bb||92px||false|false\u00bb hover_enabled=\u00bb0&#8243; header_text_shadow_style=\u00bbpreset1&#8243; global_colors_info=\u00bb{}\u00bb sticky_enabled=\u00bb0&#8243;][\/et_pb_cta][\/et_pb_column][\/et_pb_row][\/et_pb_section][et_pb_section fb_built=\u00bb1&#8243; _builder_version=\u00bb4.27.4&#8243; _module_preset=\u00bbdefault\u00bb global_colors_info=\u00bb{}\u00bb][et_pb_row _builder_version=\u00bb4.27.4&#8243; _module_preset=\u00bbdefault\u00bb global_colors_info=\u00bb{}\u00bb][et_pb_column type=\u00bb4_4&#8243; _builder_version=\u00bb4.27.4&#8243; _module_preset=\u00bbdefault\u00bb global_colors_info=\u00bb{}\u00bb][et_pb_text _builder_version=\u00bb4.27.6&#8243; _module_preset=\u00bbdefault\u00bb global_colors_info=\u00bb{}\u00bb]<\/p>\n<p data-start=\"0\" data-end=\"246\">La Biblioteca ofrece visitas guiadas para grupos interesados en conocer la Biblioteca Antigua. Durante la visita, se explica el funcionamiento y la historia de la instituci\u00f3n, y se muestran algunas joyas bibliogr\u00e1ficas que la biblioteca conserva.<\/p>\n<p data-start=\"248\" data-end=\"414\">El n\u00famero m\u00e1ximo de personas por grupo es de 12. Las visitas tienen una duraci\u00f3n de entre 45 minutos y una hora, aunque nos adaptamos a las necesidades de cada grupo.<\/p>\n<p data-start=\"416\" data-end=\"774\" data-is-last-node=\"\" data-is-only-node=\"\">Para concertar una visita, p\u00f3nganse en contacto con el personal de la Biblioteca a trav\u00e9s del correo electr\u00f3nico\u200b<strong><a href=\"mailto:biblioteca.seminari@arqtgn.cat\">biblioteca.seminari@arqtgn.cat<\/a><\/strong>, indicando los datos de contacto, el n\u00famero de personas y, si procede, la procedencia, las necesidades del grupo y si se trata de un colectivo o entidad. Nos pondremos en contacto en breve para confirmar la visita.<\/p>\n<p>[\/et_pb_text][\/et_pb_column][\/et_pb_row][et_pb_row _builder_version=\u00bb4.27.4&#8243; _module_preset=\u00bbdefault\u00bb global_colors_info=\u00bb{}\u00bb][et_pb_column type=\u00bb4_4&#8243; _builder_version=\u00bb4.27.4&#8243; _module_preset=\u00bbdefault\u00bb global_colors_info=\u00bb{}\u00bb][et_pb_gallery gallery_ids=\u00bb282,284,286,288,290,292,294,296,298,300,302,304,306&#8243; posts_number=\u00bb100&#8243; show_title_and_caption=\u00bboff\u00bb _builder_version=\u00bb4.27.4&#8243; _module_preset=\u00bbdefault\u00bb global_colors_info=\u00bb{}\u00bb][\/et_pb_gallery][\/et_pb_column][\/et_pb_row][\/et_pb_section]<\/p>\n","protected":false},"excerpt":{"rendered":"<p>La Biblioteca ofrece visitas guiadas para grupos interesados en conocer la Biblioteca Antigua. Durante la visita, se explica el funcionamiento y la historia de la instituci\u00f3n, y se muestran algunas joyas bibliogr\u00e1ficas que la biblioteca conserva. El n\u00famero m\u00e1ximo de personas por grupo es de 12. Las visitas tienen una duraci\u00f3n de entre 45 minutos [&hellip;]<\/p>\n","protected":false},"author":59,"featured_media":0,"parent":633,"menu_order":0,"comment_status":"closed","ping_status":"closed","template":"","meta":{"_et_pb_use_builder":"on","_et_pb_old_content":"","_et_gb_content_width":"","cybocfi_hide_featured_image":"","footnotes":""},"class_list":["post-607","page","type-page","status-publish","hentry"],"amp_enabled":true,"_links":{"self":[{"href":"https:\/\/www.bspt.cat\/es\/wp-json\/wp\/v2\/pages\/607","targetHints":{"allow":["GET"]}}],"collection":[{"href":"https:\/\/www.bspt.cat\/es\/wp-json\/wp\/v2\/pages"}],"about":[{"href":"https:\/\/www.bspt.cat\/es\/wp-json\/wp\/v2\/types\/page"}],"author":[{"embeddable":true,"href":"https:\/\/www.bspt.cat\/es\/wp-json\/wp\/v2\/users\/59"}],"replies":[{"embeddable":true,"href":"https:\/\/www.bspt.cat\/es\/wp-json\/wp\/v2\/comments?post=607"}],"version-history":[{"count":4,"href":"https:\/\/www.bspt.cat\/es\/wp-json\/wp\/v2\/pages\/607\/revisions"}],"predecessor-version":[{"id":779,"href":"https:\/\/www.bspt.cat\/es\/wp-json\/wp\/v2\/pages\/607\/revisions\/779"}],"up":[{"embeddable":true,"href":"https:\/\/www.bspt.cat\/es\/wp-json\/wp\/v2\/pages\/633"}],"wp:attachment":[{"href":"https:\/\/www.bspt.cat\/es\/wp-json\/wp\/v2\/media?parent=607"}],"curies":[{"name":"wp","href":"https:\/\/api.w.org\/{rel}","templated":true}]}}